{"id":1439,"date":"2018-06-22T11:24:29","date_gmt":"2018-06-22T16:24:29","guid":{"rendered":"https:\/\/www.munecasmexicanas.com\/tienda\/index.php\/product\/import-placeholder-for-235\/"},"modified":"2022-09-05T15:39:06","modified_gmt":"2022-09-05T20:39:06","slug":"princesa-maya","status":"publish","type":"product","link":"https:\/\/www.munecasmexicanas.com\/tienda\/producto\/princesa-maya\/","title":{"rendered":"Princesa Maya"},"content":{"rendered":"","protected":false},"excerpt":{"rendered":"<p>Luciendo su vestido en forma de t\u00fanica larga en variedad de colores, con detalles de listones, espiguillas, flecos de diversos tonos y decorados, principalmente en cuello, pu\u00f1os y parte baja del vestido. Porta en su cabeza un penacho en forma de corona en tono del vestido con plumas de colores en la parte alta que resaltan. Accesorios: aretes y collar. (Colores de traje, detalles y accesorios pueden variar)<\/p>\n<p><strong>Historia y Significado:<\/strong><\/p>\n<p>La princesa maya es la musa de nuestra prehistoria, <strong>es el conjunto de los estados de M\u00e9xico como Campeche, Quintana Roo, Yucat\u00e1n<\/strong>; estados del pa\u00eds que hacen honor a nuestra cutura Maya. La leyenda de la princesa Sac Nict\u00e9 relata a manera de fantas\u00eda los hechos del rompimiento de la Liga \u00a0de Mayap\u00e1n, la cual estaba conformada por los reinos de Uxmal, Chinch\u00e9n Itz\u00e1 y Mayap\u00e1n.<\/p>\n<p>La leyenda narra brevemente la vida paralela del pr\u00edncipe de Chich\u00e9n Itz\u00e1 y la princesa de Mayap\u00e1n. La princesa estaba comprometida en matrimonio con el pr\u00edncipe de Uxmal, pero antes de celebrarse la boda, el pr\u00edncipe de Chich\u00e9n Itz\u00e1 que se hab\u00eda enamorado de la princesa, la rapt\u00f3 y emigr\u00f3 con todo su pueblo, de tal forma que cuando la gente de Uxmal lleg\u00f3 a reclamarle, encontraron vac\u00eda la ciudad.<\/p>\n<p>&nbsp;<\/p>\n[gallery columns=\"4\" size=\"medium\" ids=\"494,493,492,491\"]\n<div style=\"margin-left: 68px;\"><a href=\"https:\/\/www.amazon.com.mx\/Colecciones-Mu%C3%B1ecas-T%C3%ADpicas-Mexicanas-accesorios\/dp\/B08LV5B549\/ref=sr_1_10?keywords=mu%C3%B1eca+tipica+mexicana&amp;qid=1661539565&amp;sprefix=mu%C3%B1eca+tipica+%2Caps%2C774&amp;sr=8-10\" target=\"_blank\" rel=\"noopener\"><img decoding=\"async\" class=\"alignnone size-full wp-image-1875\" src=\"https:\/\/www.munecasmexicanas.com\/tienda\/wp-content\/uploads\/2018\/06\/Banner-eulalia-01A-300x114c.png\" alt=\"\" width=\"197\" height=\"67\" \/><\/a><\/div>\n","protected":false},"featured_media":45,"template":"","meta":[],"product_cat":[39],"product_tag":[31],"class_list":{"0":"post-1439","1":"product","2":"type-product","3":"status-publish","4":"has-post-thumbnail","6":"product_cat-eulalia-colecciones","7":"product_tag-princesa-maya","9":"first","10":"instock","11":"taxable","12":"shipping-taxable","13":"purchasable","14":"product-type-simple"},"_links":{"self":[{"href":"https:\/\/www.munecasmexicanas.com\/tienda\/wp-json\/wp\/v2\/product\/1439"}],"collection":[{"href":"https:\/\/www.munecasmexicanas.com\/tienda\/wp-json\/wp\/v2\/product"}],"about":[{"href":"https:\/\/www.munecasmexicanas.com\/tienda\/wp-json\/wp\/v2\/types\/product"}],"wp:featuredmedia":[{"embeddable":true,"href":"https:\/\/www.munecasmexicanas.com\/tienda\/wp-json\/wp\/v2\/media\/45"}],"wp:attachment":[{"href":"https:\/\/www.munecasmexicanas.com\/tienda\/wp-json\/wp\/v2\/media?parent=1439"}],"wp:term":[{"taxonomy":"product_cat","embeddable":true,"href":"https:\/\/www.munecasmexicanas.com\/tienda\/wp-json\/wp\/v2\/product_cat?post=1439"},{"taxonomy":"product_tag","embeddable":true,"href":"https:\/\/www.munecasmexicanas.com\/tienda\/wp-json\/wp\/v2\/product_tag?post=1439"}],"curies":[{"name":"wp","href":"https:\/\/api.w.org\/{rel}","templated":true}]}}