{"id":1438,"date":"2018-06-22T11:24:29","date_gmt":"2018-06-22T16:24:29","guid":{"rendered":"https:\/\/www.munecasmexicanas.com\/tienda\/index.php\/product\/import-placeholder-for-233\/"},"modified":"2022-09-05T16:14:14","modified_gmt":"2022-09-05T21:14:14","slug":"yucatan","status":"publish","type":"product","link":"https:\/\/www.munecasmexicanas.com\/tienda\/producto\/yucatan\/","title":{"rendered":"Yucat\u00e1n"},"content":{"rendered":"","protected":false},"excerpt":{"rendered":"<p>Presume su traje en color blanco con encaje en cuello y parte baja del mismo, asi como con detalles en liston con diferentes texturas o bordados en bluson y falda. Peinada a dos trenzas entrelazadas decoradas con liston, luciendo una flor de lado izquierdo de su cara. Sus accesorios: aretes y collar. Porta un reboso que combina con el liston de su peinado y abanico de mimbre decorado. (Colores en detalles y accesorios pueden variar).<\/p>\n<p><strong>Historia y Significado:<\/strong><\/p>\n<p>Bas\u00e1ndose en fuentes hist\u00f3ricas, se menciona que aparentemente el vestido de la mujer maya no ha variado mucho desde la \u00e9poca prehisp\u00e1nica, y se le conoc\u00eda con el nombre de &#8220;<strong>kub<\/strong>&#8220;, palabra que en la actualidad se ha perdido, ya que ahora se llama huipil (palabra nahuatl).<\/p>\n<p>Las mujeres utilizan el\u00a0huipil, tambi\u00e9n denominado hipil,\u00a0como traje t\u00edpico.\u00a0Una versi\u00f3n m\u00e1s elaborada del hipil es el terno, el cual es utilizado en ocasiones especiales y denota elegancia. Se complementa el atuendo con un\u00a0rebozo\u00a0y con zapatos blancos, que generalmente se utilizan bordados cuando se lleva el terno.<\/p>\n<p>&nbsp;<\/p>\n[gallery columns=\"4\" size=\"medium\" ids=\"463,464,465,466\"]\n<div style=\"margin-left: 68px;\"><a href=\"https:\/\/www.amazon.com.mx\/Colecciones-Mu%C3%B1ecas-T%C3%ADpicas-Mexicanas-accesorios\/dp\/B08LV5YHVS\/ref=sr_1_14?keywords=EULALIA+COLECCIONES+-+Mu%C3%B1ecas+T%C3%ADpicas+Mexicanas&#038;qid=1661966281&#038;s=handmade&#038;search-type=ss&#038;sr=1-14\" target=\"_blank\" rel=\"noopener\"><img decoding=\"async\" class=\"alignnone size-full wp-image-1875\" src=\"https:\/\/www.munecasmexicanas.com\/tienda\/wp-content\/uploads\/2018\/06\/Banner-eulalia-01A-300x114c.png\" alt=\"\" width=\"197\" height=\"67\" \/><\/a><\/div>\n","protected":false},"featured_media":44,"template":"","meta":[],"product_cat":[39],"product_tag":[38],"class_list":{"0":"post-1438","1":"product","2":"type-product","3":"status-publish","4":"has-post-thumbnail","6":"product_cat-eulalia-colecciones","7":"product_tag-yucatan","9":"first","10":"instock","11":"taxable","12":"shipping-taxable","13":"purchasable","14":"product-type-simple"},"_links":{"self":[{"href":"https:\/\/www.munecasmexicanas.com\/tienda\/wp-json\/wp\/v2\/product\/1438"}],"collection":[{"href":"https:\/\/www.munecasmexicanas.com\/tienda\/wp-json\/wp\/v2\/product"}],"about":[{"href":"https:\/\/www.munecasmexicanas.com\/tienda\/wp-json\/wp\/v2\/types\/product"}],"wp:featuredmedia":[{"embeddable":true,"href":"https:\/\/www.munecasmexicanas.com\/tienda\/wp-json\/wp\/v2\/media\/44"}],"wp:attachment":[{"href":"https:\/\/www.munecasmexicanas.com\/tienda\/wp-json\/wp\/v2\/media?parent=1438"}],"wp:term":[{"taxonomy":"product_cat","embeddable":true,"href":"https:\/\/www.munecasmexicanas.com\/tienda\/wp-json\/wp\/v2\/product_cat?post=1438"},{"taxonomy":"product_tag","embeddable":true,"href":"https:\/\/www.munecasmexicanas.com\/tienda\/wp-json\/wp\/v2\/product_tag?post=1438"}],"curies":[{"name":"wp","href":"https:\/\/api.w.org\/{rel}","templated":true}]}}