{"id":1435,"date":"2018-06-22T11:24:29","date_gmt":"2018-06-22T16:24:29","guid":{"rendered":"https:\/\/www.munecasmexicanas.com\/tienda\/index.php\/product\/import-placeholder-for-225\/"},"modified":"2022-09-05T16:14:48","modified_gmt":"2022-09-05T21:14:48","slug":"queretaro","status":"publish","type":"product","link":"https:\/\/www.munecasmexicanas.com\/tienda\/producto\/queretaro\/","title":{"rendered":"Quer\u00e9taro"},"content":{"rendered":"","protected":false},"excerpt":{"rendered":"<p>Porta traje de tres piezas, su falda es amplia tejida con detalles tradicionales, camisa de manga corta de manta y un lindo poncho o jorongo con flecos en las orillas. Peinado recogido con trenza decorado con flores de colores. Accesorios: aretes y collar. Porta una canasta en mano con flores. (Colores de traje y accesorios pueden variar)<\/p>\n<p>&nbsp;<\/p>\n<p><strong>Historia y Significado:<\/strong><\/p>\n<p>Asomarse a\u00a0la <strong>Historia de este Estado<\/strong>\u00a0es como\u00a0 mirar un caleidoscopio: Puedes escuchar tacones que despiertan la lucha independentista o ver saltos de balones de piedra; se entrecruzan nombres como Querenda o Andamaxei y denominaciones como \u201cmuy noble y muy leal\u201d; se\u00f1ores pur\u00e9pechas dominantes, Pames y Jonaces que siguen su camino;\u00a0<strong>los \u00faltimos momentos de un imperio y los primeros de la Rep\u00fablica<\/strong>;\u00a0centro de la \u2018Ruta de la Plata\u2019, tres veces capital de la Naci\u00f3n,\u00a0<em>la tercera ciudad del Reino<\/em>, y<em>\u00a0<\/em>el destino de una conquista dibujado en el cielo.<\/p>\n<p>Su traje consta de un enredo de lana, de lienzo caf\u00e9, azul o negro, con rayas verticales en la parte delantera de la falda, la cual llega al tobillo y est\u00e1 sostenida con unce\u00f1idor. Esta prenda tambi\u00e9n sol\u00edan usarla los hombres.<\/p>\n<p>El ce\u00f1idor es de algod\u00f3n con anchas franjas verticales y flecos en los extremos. Se cubr\u00edan el busto con un quechqu\u00e9metl de lana de color azul, morado o negro, con delgadas rayas blancas y flecos en las orillas; adem\u00e1s, se trenzaban el cabello con listones de colores y coronaban su cabeza con flores. Calzaban huaraches.<\/p>\n[gallery columns=\"4\" size=\"medium\" ids=\"478,477,476,479\"]\n<div style=\"margin-left: 68px;\"><a href=\"https:\/\/www.amazon.com.mx\/Colecciones-Mu%C3%B1ecas-T%C3%ADpicas-Mexicanas-accesorios\/dp\/B08N5NMG3W\/ref=sr_1_19?keywords=EULALIA+COLECCIONES+-+Mu%C3%B1ecas+T%C3%ADpicas+Mexicanas&#038;qid=1661966281&#038;s=handmade&#038;search-type=ss&#038;sr=1-19\" target=\"_blank\" rel=\"noopener\"><img decoding=\"async\" class=\"alignnone size-full wp-image-1875\" src=\"https:\/\/www.munecasmexicanas.com\/tienda\/wp-content\/uploads\/2018\/06\/Banner-eulalia-01A-300x114c.png\" alt=\"\" width=\"197\" height=\"67\" \/><\/a><\/div>\n","protected":false},"featured_media":41,"template":"","meta":[],"product_cat":[39],"product_tag":[33],"class_list":{"0":"post-1435","1":"product","2":"type-product","3":"status-publish","4":"has-post-thumbnail","6":"product_cat-eulalia-colecciones","7":"product_tag-queretaro","9":"first","10":"instock","11":"taxable","12":"shipping-taxable","13":"purchasable","14":"product-type-simple"},"_links":{"self":[{"href":"https:\/\/www.munecasmexicanas.com\/tienda\/wp-json\/wp\/v2\/product\/1435"}],"collection":[{"href":"https:\/\/www.munecasmexicanas.com\/tienda\/wp-json\/wp\/v2\/product"}],"about":[{"href":"https:\/\/www.munecasmexicanas.com\/tienda\/wp-json\/wp\/v2\/types\/product"}],"wp:featuredmedia":[{"embeddable":true,"href":"https:\/\/www.munecasmexicanas.com\/tienda\/wp-json\/wp\/v2\/media\/41"}],"wp:attachment":[{"href":"https:\/\/www.munecasmexicanas.com\/tienda\/wp-json\/wp\/v2\/media?parent=1435"}],"wp:term":[{"taxonomy":"product_cat","embeddable":true,"href":"https:\/\/www.munecasmexicanas.com\/tienda\/wp-json\/wp\/v2\/product_cat?post=1435"},{"taxonomy":"product_tag","embeddable":true,"href":"https:\/\/www.munecasmexicanas.com\/tienda\/wp-json\/wp\/v2\/product_tag?post=1435"}],"curies":[{"name":"wp","href":"https:\/\/api.w.org\/{rel}","templated":true}]}}