{"id":1434,"date":"2018-06-22T11:24:29","date_gmt":"2018-06-22T16:24:29","guid":{"rendered":"https:\/\/www.munecasmexicanas.com\/tienda\/index.php\/product\/import-placeholder-for-222\/"},"modified":"2022-09-05T16:14:59","modified_gmt":"2022-09-05T21:14:59","slug":"jalisco-rosa","status":"publish","type":"product","link":"https:\/\/www.munecasmexicanas.com\/tienda\/producto\/jalisco-rosa\/","title":{"rendered":"Jalisco Rosa"},"content":{"rendered":"","protected":false},"excerpt":{"rendered":"<p>Luciendo todo el folklore en su vestido rosa con amplia falda decorada con encaje en cuello y pu\u00f1os, asi como con olanes, espiguilla y listones de colores en todo el vestido. Peinada con dos trenzas sujetas con list\u00f3n. Sus accesorios: aretes y collar. (Colores y accesorios pueden variar).<\/p>\n<p>&nbsp;<\/p>\n<p><strong>Historia y Significado:<\/strong><\/p>\n<p>&nbsp;<\/p>\n<p>El traje t\u00edpico de Jalisco es digno de apreciar, para ellos significa frescura y la representaci\u00f3n del pa\u00eds frente al mundo de una manera \u00fanica e inigualable. Se preocupan en combinar correctamente los colores a elecci\u00f3n logrando que se vea elegante y tradicional al mismo tiempo.<\/p>\n<p>Consta de un vestido muy llamativo, se elige un color base que es el del fondo y suele ser un color fuerte, luego es posible optar por tres o cuatro colores m\u00e1s que inundaran todos los detalles del vestido. La parte superior de esta prenda consta de varios volados adornando y resaltando esta zona. En la parte inferior tambi\u00e9n suele incluir un volado con muchos pliegues alrededor haciendo que el vestido adquiera una especie de vuelo. La mujer levanta sus vestidos de los extremos para resaltarlo y lucir m\u00e1s elegante.<\/p>\n[gallery columns=\"4\" size=\"medium\" ids=\"499,500,501,502\"]\n<div style=\"margin-left: 68px;\"><a href=\"https:\/\/www.amazon.com.mx\/gp\/slredirect\/picassoRedirect.html\/ref=pa_sp_mtf_handmade_sr_pg1_1?ie=UTF8&#038;adId=A0123285XC7YJL4FMV5L&#038;url=%2FColecciones-Mu%25C3%25B1ecas-T%25C3%25ADpicas-Mexicanas-accesorios%2Fdp%2FB08LV5SGMK%2Fref%3Dsr_1_24_sspa%3Fkeywords%3DEULALIA%2BCOLECCIONES%2B-%2BMu%25C3%25B1ecas%2BT%25C3%25ADpicas%2BMexicanas%26qid%3D1661966281%26s%3Dhandmade%26search-type%3Dss%26sr%3D1-24-spons%26psc%3D1&#038;qualifier=1661966281&#038;id=5010080392075208&#038;widgetName=sp_mtf\" target=\"_blank\" rel=\"noopener\"><img decoding=\"async\" class=\"alignnone size-full wp-image-1875\" src=\"https:\/\/www.munecasmexicanas.com\/tienda\/wp-content\/uploads\/2018\/06\/Banner-eulalia-01A-300x114c.png\" alt=\"\" width=\"197\" height=\"67\" \/><\/a><\/div>\n","protected":false},"featured_media":40,"template":"","meta":[],"product_cat":[39],"product_tag":[27],"class_list":{"0":"post-1434","1":"product","2":"type-product","3":"status-publish","4":"has-post-thumbnail","6":"product_cat-eulalia-colecciones","7":"product_tag-jalisco-rosa","9":"first","10":"instock","11":"taxable","12":"shipping-taxable","13":"purchasable","14":"product-type-simple"},"_links":{"self":[{"href":"https:\/\/www.munecasmexicanas.com\/tienda\/wp-json\/wp\/v2\/product\/1434"}],"collection":[{"href":"https:\/\/www.munecasmexicanas.com\/tienda\/wp-json\/wp\/v2\/product"}],"about":[{"href":"https:\/\/www.munecasmexicanas.com\/tienda\/wp-json\/wp\/v2\/types\/product"}],"wp:featuredmedia":[{"embeddable":true,"href":"https:\/\/www.munecasmexicanas.com\/tienda\/wp-json\/wp\/v2\/media\/40"}],"wp:attachment":[{"href":"https:\/\/www.munecasmexicanas.com\/tienda\/wp-json\/wp\/v2\/media?parent=1434"}],"wp:term":[{"taxonomy":"product_cat","embeddable":true,"href":"https:\/\/www.munecasmexicanas.com\/tienda\/wp-json\/wp\/v2\/product_cat?post=1434"},{"taxonomy":"product_tag","embeddable":true,"href":"https:\/\/www.munecasmexicanas.com\/tienda\/wp-json\/wp\/v2\/product_tag?post=1434"}],"curies":[{"name":"wp","href":"https:\/\/api.w.org\/{rel}","templated":true}]}}