{"id":1432,"date":"2018-06-22T11:24:29","date_gmt":"2018-06-22T16:24:29","guid":{"rendered":"https:\/\/www.munecasmexicanas.com\/tienda\/index.php\/product\/import-placeholder-for-220\/"},"modified":"2022-09-05T16:16:08","modified_gmt":"2022-09-05T21:16:08","slug":"monterrey","status":"publish","type":"product","link":"https:\/\/www.munecasmexicanas.com\/tienda\/producto\/monterrey\/","title":{"rendered":"Monterrey"},"content":{"rendered":"","protected":false},"excerpt":{"rendered":"<p>Luciendo traje en tono claro largo, amplia falda decorada con espiguilla de colores, camisa de manga larga y cuello, con encaje y detalles que combinan con la falda. Peinada con dos chongos adornados con list\u00f3n. Accesorios: aretes y collar. Portando su reboso. (Colores en detalles y accesorios pueden variar)<\/p>\n<p>&nbsp;<\/p>\n<p><strong>Historia y Significado<\/strong>:<\/p>\n<p><strong>Ciudad sagrada que nadie se atrev\u00eda a tocar&#8230; desde sus or\u00edgenes se perfil\u00f3 como una ciudad distinta en su historia<\/strong>.\u00a0Aislada del centro del Pa\u00eds, se gest\u00f3 en un medio un tanto desfavorable, se desarroll\u00f3 y consolid\u00f3 en un contexto nacional e internacional que le favoreci\u00f3 por lo que tambi\u00e9n se ha ganado el t\u00edtulo de ciudad hist\u00f3ricamente beneficiada.<\/p>\n<p>Ha sido hist\u00f3ricamente descrita por muchos como \u201cCiudad Industrial\u201d, \u201cSultana del Norte\u201d, \u201cUrbe Din\u00e1mica\u201d, \u201cCiudad F\u00e1brica\u201d, \u201cn\u00facleo Metropolitano de mayor jerarqu\u00eda en la regi\u00f3n\u201d, \u201cuna de las ciudades m\u00e1s pintorescas\u201d, \u201cuna bella ciudad con r\u00edos y bosques frondosos\u201d, \u201cuna de las m\u00e1s hermosas ciudades de la Rep\u00fablica\u201d y \u201cuno de los m\u00e1s deliciosos lugares para pasar una vida quieta y tranquila\u201d.<\/p>\n<p>El traje consta de una blusa blanca con olanes al frente, botones atr\u00e1s y un camafeo (broche) en el pecho. La falda, con dibujos en l\u00edneas rectas y botines, la usan debajo de la rodilla. El cabello lo peinan en forma de chongo y lo adornan con un mo\u00f1o, cuyos listones quedan colgando.<\/p>\n<p>&nbsp;<\/p>\n[gallery columns=\"4\" size=\"medium\" ids=\"559,558,557,560\"]\n<div style=\"margin-left: 68px;\"><a href=\"https:\/\/www.amazon.com.mx\/Colecciones-Mu%C3%B1ecas-T%C3%ADpicas-Mexicanas-espiguilla\/dp\/B08LV4QDSG\/ref=sr_1_15?keywords=EULALIA+COLECCIONES+-+Mu%C3%B1ecas+T%C3%ADpicas+Mexicanas&#038;qid=1661966281&#038;s=handmade&#038;search-type=ss&#038;sr=1-15\" target=\"_blank\" rel=\"noopener\"><img decoding=\"async\" class=\"alignnone size-full wp-image-1875\" src=\"https:\/\/www.munecasmexicanas.com\/tienda\/wp-content\/uploads\/2018\/06\/Banner-eulalia-01A-300x114c.png\" alt=\"\" width=\"197\" height=\"67\" \/><\/a><\/div>\n","protected":false},"featured_media":38,"template":"","meta":[],"product_cat":[39],"product_tag":[30],"class_list":{"0":"post-1432","1":"product","2":"type-product","3":"status-publish","4":"has-post-thumbnail","6":"product_cat-eulalia-colecciones","7":"product_tag-monterrey","9":"first","10":"instock","11":"taxable","12":"shipping-taxable","13":"purchasable","14":"product-type-simple"},"_links":{"self":[{"href":"https:\/\/www.munecasmexicanas.com\/tienda\/wp-json\/wp\/v2\/product\/1432"}],"collection":[{"href":"https:\/\/www.munecasmexicanas.com\/tienda\/wp-json\/wp\/v2\/product"}],"about":[{"href":"https:\/\/www.munecasmexicanas.com\/tienda\/wp-json\/wp\/v2\/types\/product"}],"wp:featuredmedia":[{"embeddable":true,"href":"https:\/\/www.munecasmexicanas.com\/tienda\/wp-json\/wp\/v2\/media\/38"}],"wp:attachment":[{"href":"https:\/\/www.munecasmexicanas.com\/tienda\/wp-json\/wp\/v2\/media?parent=1432"}],"wp:term":[{"taxonomy":"product_cat","embeddable":true,"href":"https:\/\/www.munecasmexicanas.com\/tienda\/wp-json\/wp\/v2\/product_cat?post=1432"},{"taxonomy":"product_tag","embeddable":true,"href":"https:\/\/www.munecasmexicanas.com\/tienda\/wp-json\/wp\/v2\/product_tag?post=1432"}],"curies":[{"name":"wp","href":"https:\/\/api.w.org\/{rel}","templated":true}]}}