{"id":1430,"date":"2018-06-22T11:24:28","date_gmt":"2018-06-22T16:24:28","guid":{"rendered":"https:\/\/www.munecasmexicanas.com\/tienda\/index.php\/product\/import-placeholder-for-217\/"},"modified":"2022-09-05T16:16:25","modified_gmt":"2022-09-05T21:16:25","slug":"mixteca-oaxaquena","status":"publish","type":"product","link":"https:\/\/www.munecasmexicanas.com\/tienda\/producto\/mixteca-oaxaquena\/","title":{"rendered":"Mixteca Oaxaque\u00f1a"},"content":{"rendered":"","protected":false},"excerpt":{"rendered":"<p>Viste bello traje a dos piezas, un huipil de manta claro recto con decoracion en los costados y en el centro que baja desde el cuello, asi como falda circular tejida con detalles tradicionales. Peinada a dos trenzas y su cabeza es cubierta por un rebozo largo. Acceosrios: aretes y collar. Porta un utensilio de barro en mano. En conjunto nos deja ver la inmensa belleza y rica diversidad del estado de Oaxaca. (Colores de traje, detalles y accesorios pueden variar).<\/p>\n<p><strong>Historia y Significado:<\/strong><\/p>\n<p><strong>La Mixteca Oaxaque\u00f1a es una de las ocho regiones de Oaxaca<\/strong>,\u00a0ubicada al norte de ese estado mexicano. Los mixtecos formaron una de las civilizaciones m\u00e1s brillantes de Mesoam\u00e9rica, sobrevivieron a la Conquista espa\u00f1ola y fomentaron una impresionante tradici\u00f3n sincr\u00e9tica mixteco-europea que perdura hasta la fecha.<\/p>\n<p>En la indumentaria femenina tradicional es frecuente el uso de enredos, huipiles o blusa, ce\u00f1idores y soyates; adem\u00e1s de que es com\u00fan que las mujeres anden descalzas. El uso de adornos como collares de cuentas de vidrio o de coral y aretes es de gran aceptaci\u00f3n entre las mujeres ind\u00edgenas. Entre los triques, mixtecos de Atlatauca de Pe\u00f1oles y de Mitla de la Costa, usan como adornos j\u00edcaras en la cabeza.<\/p>\n[gallery columns=\"4\" size=\"medium\" ids=\"453,456,454,455\"]\n<div style=\"margin-left: 68px;\"><a href=\"https:\/\/www.amazon.com.mx\/Colecciones-Mu%C3%B1ecas-T%C3%ADpicas-Mexicanas-accesorios\/dp\/B08LV63K6Q\/ref=sr_1_2?keywords=EULALIA+COLECCIONES+-+Mu%C3%B1ecas+T%C3%ADpicas+Mexicanas&#038;qid=1661966281&#038;s=handmade&#038;search-type=ss&#038;sr=1-2\" target=\"_blank\" rel=\"noopener\"><img decoding=\"async\" class=\"alignnone size-full wp-image-1875\" src=\"https:\/\/www.munecasmexicanas.com\/tienda\/wp-content\/uploads\/2018\/06\/Banner-eulalia-01A-300x114c.png\" alt=\"\" width=\"197\" height=\"67\" \/><\/a><\/div>\n","protected":false},"featured_media":36,"template":"","meta":[],"product_cat":[39],"product_tag":[29],"class_list":{"0":"post-1430","1":"product","2":"type-product","3":"status-publish","4":"has-post-thumbnail","6":"product_cat-eulalia-colecciones","7":"product_tag-mixteca-oaxaquena","9":"first","10":"instock","11":"taxable","12":"shipping-taxable","13":"purchasable","14":"product-type-simple"},"_links":{"self":[{"href":"https:\/\/www.munecasmexicanas.com\/tienda\/wp-json\/wp\/v2\/product\/1430"}],"collection":[{"href":"https:\/\/www.munecasmexicanas.com\/tienda\/wp-json\/wp\/v2\/product"}],"about":[{"href":"https:\/\/www.munecasmexicanas.com\/tienda\/wp-json\/wp\/v2\/types\/product"}],"wp:featuredmedia":[{"embeddable":true,"href":"https:\/\/www.munecasmexicanas.com\/tienda\/wp-json\/wp\/v2\/media\/36"}],"wp:attachment":[{"href":"https:\/\/www.munecasmexicanas.com\/tienda\/wp-json\/wp\/v2\/media?parent=1430"}],"wp:term":[{"taxonomy":"product_cat","embeddable":true,"href":"https:\/\/www.munecasmexicanas.com\/tienda\/wp-json\/wp\/v2\/product_cat?post=1430"},{"taxonomy":"product_tag","embeddable":true,"href":"https:\/\/www.munecasmexicanas.com\/tienda\/wp-json\/wp\/v2\/product_tag?post=1430"}],"curies":[{"name":"wp","href":"https:\/\/api.w.org\/{rel}","templated":true}]}}