{"id":1429,"date":"2018-06-22T11:24:28","date_gmt":"2018-06-22T16:24:28","guid":{"rendered":"https:\/\/www.munecasmexicanas.com\/tienda\/index.php\/product\/import-placeholder-for-216\/"},"modified":"2022-09-05T16:16:40","modified_gmt":"2022-09-05T21:16:40","slug":"campeche","status":"publish","type":"product","link":"https:\/\/www.munecasmexicanas.com\/tienda\/producto\/campeche\/","title":{"rendered":"Campeche"},"content":{"rendered":"","protected":false},"excerpt":{"rendered":"<p>Luce falda larga en colores vivos, adornada con encaje al igual que la blusa blanca. Peinada a dos trenzas sujetas con list\u00f3n. Porta sombrero decorado con liston y flor, asi como un caracol en mano. Sus accesorios: aretes y collar. (Colores de traje y detalles pueden variar)<\/p>\n<p>&nbsp;<\/p>\n<p><strong>Historia y Significado:<\/strong><\/p>\n<p>Los trajes tiene influencias de tipo maya y espa\u00f1ola, lo que la convierte en una vestimenta mestiza, anteriormente popularizada\u00a0 por la costumbre social de los &#8220;estrenos&#8221;, donde las mujeres de Campeche sol\u00edan estrenar cuatro veces al a\u00f1o: en el carnaval, en las fiestas de San Juan, San Rom\u00e1n y la Pur\u00edsima Concepci\u00f3n.<\/p>\n<p>&nbsp;<\/p>\n[gallery columns=\"4\" size=\"medium\" ids=\"528,525,526,527\"]\n<div style=\"margin-left: 68px;\"><a href=\"https:\/\/www.amazon.com.mx\/Colecciones-Mu%C3%B1ecas-T%C3%ADpicas-Mexicanas-Accesorios\/dp\/B08LV6JVW7\/ref=sr_1_8?keywords=EULALIA+COLECCIONES+-+Mu%C3%B1ecas+T%C3%ADpicas+Mexicanas&#038;qid=1662400979&#038;s=handmade&#038;search-type=ss&#038;sr=1-8\" target=\"_blank\" rel=\"noopener\"><img decoding=\"async\" class=\"alignnone size-full wp-image-1875\" src=\"https:\/\/www.munecasmexicanas.com\/tienda\/wp-content\/uploads\/2018\/06\/Banner-eulalia-01A-300x114c.png\" alt=\"\" width=\"197\" height=\"67\" \/><\/a><\/div>\n","protected":false},"featured_media":35,"template":"","meta":[],"product_cat":[39],"product_tag":[21],"class_list":{"0":"post-1429","1":"product","2":"type-product","3":"status-publish","4":"has-post-thumbnail","6":"product_cat-eulalia-colecciones","7":"product_tag-campeche","9":"first","10":"instock","11":"taxable","12":"shipping-taxable","13":"purchasable","14":"product-type-simple"},"_links":{"self":[{"href":"https:\/\/www.munecasmexicanas.com\/tienda\/wp-json\/wp\/v2\/product\/1429"}],"collection":[{"href":"https:\/\/www.munecasmexicanas.com\/tienda\/wp-json\/wp\/v2\/product"}],"about":[{"href":"https:\/\/www.munecasmexicanas.com\/tienda\/wp-json\/wp\/v2\/types\/product"}],"wp:featuredmedia":[{"embeddable":true,"href":"https:\/\/www.munecasmexicanas.com\/tienda\/wp-json\/wp\/v2\/media\/35"}],"wp:attachment":[{"href":"https:\/\/www.munecasmexicanas.com\/tienda\/wp-json\/wp\/v2\/media?parent=1429"}],"wp:term":[{"taxonomy":"product_cat","embeddable":true,"href":"https:\/\/www.munecasmexicanas.com\/tienda\/wp-json\/wp\/v2\/product_cat?post=1429"},{"taxonomy":"product_tag","embeddable":true,"href":"https:\/\/www.munecasmexicanas.com\/tienda\/wp-json\/wp\/v2\/product_tag?post=1429"}],"curies":[{"name":"wp","href":"https:\/\/api.w.org\/{rel}","templated":true}]}}