{"id":1428,"date":"2018-06-22T11:24:28","date_gmt":"2018-06-22T16:24:28","guid":{"rendered":"https:\/\/www.munecasmexicanas.com\/tienda\/index.php\/product\/import-placeholder-for-214\/"},"modified":"2022-09-05T16:16:46","modified_gmt":"2022-09-05T21:16:46","slug":"aguascalientes","status":"publish","type":"product","link":"https:\/\/www.munecasmexicanas.com\/tienda\/producto\/aguascalientes\/","title":{"rendered":"Aguascalientes"},"content":{"rendered":"","protected":false},"excerpt":{"rendered":"<p>Luce su vestido de color vivo en sat\u00edn, decorada con el arco emblematico de Aguascalientes asi como con un racimo de uvas a cada lado, encaje en cuello y mangas, as\u00ed como detalles de espiguilla en cuello, cintura y parte baja del vestido. Peinada a dos trenzas con list\u00f3n de dos colores entrelazados. Accesorios: aretes y collar. Porta un reboso de colores en la cintura. (Colores de traje, detalles y accesorios pueden variar)<!--more--><\/p>\n<p><strong>Historia y Significado:<\/strong><\/p>\n<p>Se le da el nombre de Aguascalientes ya que proviene de las aguas termales \u00a0que los fundadores descubrieron; es uno de los estados m\u00e1s representativos para el turismo de M\u00e9xico por la feria de San Marcos pero tambi\u00e9n, por el atuendo que las mujeres usan desde principios del siglo XIX, retomando para ello la forma de vestir m\u00e1s representativos tanto para las damas hacendadas como para las campesinas.<\/p>\n[gallery columns=\"4\" size=\"medium\" ids=\"548,545,546,547\"]\n<div style=\"margin-left: 68px;\"><a href=\"https:\/\/www.amazon.com.mx\/Aguascalientes-Colecciones-Mu%C3%B1ecas-T%C3%ADpicas-Mexicanas\/dp\/B08LV5X2LJ\/ref=sr_1_17?keywords=EULALIA+COLECCIONES+-+Mu%C3%B1ecas+T%C3%ADpicas+Mexicanas&#038;qid=1662402766&#038;s=handmade&#038;search-type=ss&#038;sr=1-17\" target=\"_blank\" rel=\"noopener\"><img decoding=\"async\" class=\"alignnone size-full wp-image-1875\" src=\"https:\/\/www.munecasmexicanas.com\/tienda\/wp-content\/uploads\/2018\/06\/Banner-eulalia-01A-300x114c.png\" alt=\"\" width=\"197\" height=\"67\" \/><\/a><\/div>\n","protected":false},"featured_media":34,"template":"","meta":[],"product_cat":[39],"product_tag":[19],"class_list":{"0":"post-1428","1":"product","2":"type-product","3":"status-publish","4":"has-post-thumbnail","6":"product_cat-eulalia-colecciones","7":"product_tag-aguascalientes","9":"first","10":"instock","11":"taxable","12":"shipping-taxable","13":"purchasable","14":"product-type-simple"},"_links":{"self":[{"href":"https:\/\/www.munecasmexicanas.com\/tienda\/wp-json\/wp\/v2\/product\/1428"}],"collection":[{"href":"https:\/\/www.munecasmexicanas.com\/tienda\/wp-json\/wp\/v2\/product"}],"about":[{"href":"https:\/\/www.munecasmexicanas.com\/tienda\/wp-json\/wp\/v2\/types\/product"}],"wp:featuredmedia":[{"embeddable":true,"href":"https:\/\/www.munecasmexicanas.com\/tienda\/wp-json\/wp\/v2\/media\/34"}],"wp:attachment":[{"href":"https:\/\/www.munecasmexicanas.com\/tienda\/wp-json\/wp\/v2\/media?parent=1428"}],"wp:term":[{"taxonomy":"product_cat","embeddable":true,"href":"https:\/\/www.munecasmexicanas.com\/tienda\/wp-json\/wp\/v2\/product_cat?post=1428"},{"taxonomy":"product_tag","embeddable":true,"href":"https:\/\/www.munecasmexicanas.com\/tienda\/wp-json\/wp\/v2\/product_tag?post=1428"}],"curies":[{"name":"wp","href":"https:\/\/api.w.org\/{rel}","templated":true}]}}