{"id":1427,"date":"2018-06-22T11:24:28","date_gmt":"2018-06-22T16:24:28","guid":{"rendered":"https:\/\/www.munecasmexicanas.com\/tienda\/index.php\/product\/import-placeholder-for-211\/"},"modified":"2022-09-05T16:16:54","modified_gmt":"2022-09-05T21:16:54","slug":"san-luis-potosi","status":"publish","type":"product","link":"https:\/\/www.munecasmexicanas.com\/tienda\/producto\/san-luis-potosi\/","title":{"rendered":"San Luis Potos\u00ed"},"content":{"rendered":"","protected":false},"excerpt":{"rendered":"<p>Presumiendo su traje blanco, de falda larga y capa con grecas y detalles de diversos colores y texturas. Peinada a dos trenzas con mo\u00f1o, su cabeza es semi cubierta con un tocado que combina con su traje y le cubre las orejas. Sus accesorios: aretes y collar. Porta una canasta de mimbre con fruta. (Colores y accesorios pueden variar).<\/p>\n<p>&nbsp;<\/p>\n<p><strong>Historia y Significado:<\/strong><\/p>\n<p><strong>El nombre de\u00a0 San Luis Potos\u00ed:\u00a0Se le dio por el nombre de &#8220;San Luis Rey&#8221; en honor a Luis IX de Francia<\/strong>,\u00a0y &#8220;Potos\u00ed&#8221; porque se compar\u00f3 con las ricas minas de plata en Bolivia, en espera de rivalizar con estas, pero esto nunca se cumpli\u00f3.<\/p>\n<p>Las ind\u00edgenas huastecas visten aun sus trajes t\u00edpicos consistentes en una falda corta de color negro; blusa de colores fosforescentes o brillantes; &#8220;petob&#8221; (turbante de estambres entrelazados con el pelo que varia el tama\u00f1o seg\u00fan el municipio de origen) ; el quexquemetl bordado con punto de cruz e hilos de colores dibujando el \u00e1rbol de la vida, flores y animales de la regi\u00f3n; la talegao bolsa; y el ce\u00f1idor. Muchos de estos trajes est\u00e1n confeccionados en telar de cintura. Las ind\u00edgenas del municipio de Valles no usan quexquemetl y su falda es larga y floreada; trenzan su cabello con listones de varios colores.<\/p>\n<p>&nbsp;<\/p>\n[gallery columns=\"4\" size=\"medium\" ids=\"529,532,531,530\"]\n<div style=\"margin-left: 68px;\"><a href=\"https:\/\/www.amazon.com.mx\/Colecciones-Mu%C3%B1ecas-T%C3%ADpicas-Mexicanas-colecci%C3%B3n\/dp\/B08MBFMZF4\/ref=sr_1_12?keywords=EULALIA+COLECCIONES+-+Mu%C3%B1ecas+T%C3%ADpicas+Mexicanas&#038;qid=1662402766&#038;s=handmade&#038;search-type=ss&#038;sr=1-12\" target=\"_blank\" rel=\"noopener\"><img decoding=\"async\" class=\"alignnone size-full wp-image-1875\" src=\"https:\/\/www.munecasmexicanas.com\/tienda\/wp-content\/uploads\/2018\/06\/Banner-eulalia-01A-300x114c.png\" alt=\"\" width=\"197\" height=\"67\" \/><\/a><\/div>\n","protected":false},"featured_media":33,"template":"","meta":[],"product_cat":[39],"product_tag":[34],"class_list":{"0":"post-1427","1":"product","2":"type-product","3":"status-publish","4":"has-post-thumbnail","6":"product_cat-eulalia-colecciones","7":"product_tag-san-luis-potosi","9":"first","10":"instock","11":"taxable","12":"shipping-taxable","13":"purchasable","14":"product-type-simple"},"_links":{"self":[{"href":"https:\/\/www.munecasmexicanas.com\/tienda\/wp-json\/wp\/v2\/product\/1427"}],"collection":[{"href":"https:\/\/www.munecasmexicanas.com\/tienda\/wp-json\/wp\/v2\/product"}],"about":[{"href":"https:\/\/www.munecasmexicanas.com\/tienda\/wp-json\/wp\/v2\/types\/product"}],"wp:featuredmedia":[{"embeddable":true,"href":"https:\/\/www.munecasmexicanas.com\/tienda\/wp-json\/wp\/v2\/media\/33"}],"wp:attachment":[{"href":"https:\/\/www.munecasmexicanas.com\/tienda\/wp-json\/wp\/v2\/media?parent=1427"}],"wp:term":[{"taxonomy":"product_cat","embeddable":true,"href":"https:\/\/www.munecasmexicanas.com\/tienda\/wp-json\/wp\/v2\/product_cat?post=1427"},{"taxonomy":"product_tag","embeddable":true,"href":"https:\/\/www.munecasmexicanas.com\/tienda\/wp-json\/wp\/v2\/product_tag?post=1427"}],"curies":[{"name":"wp","href":"https:\/\/api.w.org\/{rel}","templated":true}]}}