{"id":1426,"date":"2018-06-22T11:24:28","date_gmt":"2018-06-22T16:24:28","guid":{"rendered":"https:\/\/www.munecasmexicanas.com\/tienda\/index.php\/product\/import-placeholder-for-209\/"},"modified":"2022-09-19T12:43:26","modified_gmt":"2022-09-19T17:43:26","slug":"mexicana","status":"publish","type":"product","link":"https:\/\/www.munecasmexicanas.com\/tienda\/producto\/mexicana\/","title":{"rendered":"Mexicana"},"content":{"rendered":"","protected":false},"excerpt":{"rendered":"<p>Es la representaci\u00f3n de nuestra bandera portando el traje regional mexicano con sus tres colores verde, blanco y rojo con el \u00e1guila bordada en un elegante vestido largo. Peinada a dos trenzas adornadas con mo\u00f1os. Accesorios: aretes y collar. Porta reboso tricolor y sombrero de colores. (Colores en accesorios pueden variar)<\/p>\n<p>&nbsp;<\/p>\n<p><strong>Historia y Significado:<\/strong><\/p>\n<p>M\u00e9xico es uno de los pa\u00edses con mayor historia del mundo. En algunas encuestas realizadas por la ONU o diferentes empresas dedicadas a las mismas, nuestro pa\u00eds queda entre los primeros tres lugares en tradiciones y riqueza cultural a nivel mundial. Son un \u201cresumen\u201d de las caracter\u00edsticas culturales de todos los pueblos mexicanos.<\/p>\n<p><strong>Variante del traje de China Poblana donde nos muestra de una manera sencilla los colores y el \u00e1guila que forman parte de nuestra Bandera, que junto con el Escudo e Himno Nacional son nuestros s\u00edmbolos patrios.<\/strong><\/p>\n<p>Nuestra Bandera se encuentra dividida en tres franjas verticales de colores verde, blanco y rojo a partir del asta. El escudo nacional se ubica en la franja central blanca y al centro de la misma.<\/p>\n[gallery columns=\"4\" size=\"medium\" ids=\"488,490,487,489\"]\n<div style=\"margin-left: 68px;\"><a href=\"https:\/\/www.amazon.com.mx\/Colecciones-Mu%C3%B1ecas-T%C3%ADpicas-Mexicanas-accesorios\/dp\/B08LV2TNF6\/ref=sr_1_3?keywords=EULALIA+COLECCIONES+-+Mu%C3%B1ecas+T%C3%ADpicas+Mexicanas&#038;qid=1662402766&#038;s=handmade&#038;search-type=ss&#038;sr=1-3\" target=\"_blank\" rel=\"noopener\"><img decoding=\"async\" class=\"alignnone size-full wp-image-1875\" src=\"https:\/\/www.munecasmexicanas.com\/tienda\/wp-content\/uploads\/2018\/06\/Banner-eulalia-01A-300x114c.png\" alt=\"\" width=\"197\" height=\"67\" \/><\/a><\/div>\n","protected":false},"featured_media":32,"template":"","meta":[],"product_cat":[39],"product_tag":[28],"class_list":{"0":"post-1426","1":"product","2":"type-product","3":"status-publish","4":"has-post-thumbnail","6":"product_cat-eulalia-colecciones","7":"product_tag-mexicana","9":"first","10":"instock","11":"taxable","12":"shipping-taxable","13":"purchasable","14":"product-type-simple"},"_links":{"self":[{"href":"https:\/\/www.munecasmexicanas.com\/tienda\/wp-json\/wp\/v2\/product\/1426"}],"collection":[{"href":"https:\/\/www.munecasmexicanas.com\/tienda\/wp-json\/wp\/v2\/product"}],"about":[{"href":"https:\/\/www.munecasmexicanas.com\/tienda\/wp-json\/wp\/v2\/types\/product"}],"wp:featuredmedia":[{"embeddable":true,"href":"https:\/\/www.munecasmexicanas.com\/tienda\/wp-json\/wp\/v2\/media\/32"}],"wp:attachment":[{"href":"https:\/\/www.munecasmexicanas.com\/tienda\/wp-json\/wp\/v2\/media?parent=1426"}],"wp:term":[{"taxonomy":"product_cat","embeddable":true,"href":"https:\/\/www.munecasmexicanas.com\/tienda\/wp-json\/wp\/v2\/product_cat?post=1426"},{"taxonomy":"product_tag","embeddable":true,"href":"https:\/\/www.munecasmexicanas.com\/tienda\/wp-json\/wp\/v2\/product_tag?post=1426"}],"curies":[{"name":"wp","href":"https:\/\/api.w.org\/{rel}","templated":true}]}}