{"id":1424,"date":"2018-06-22T11:24:28","date_gmt":"2018-06-22T16:24:28","guid":{"rendered":"https:\/\/www.munecasmexicanas.com\/tienda\/index.php\/product\/import-placeholder-for-205\/"},"modified":"2022-09-05T16:17:19","modified_gmt":"2022-09-05T21:17:19","slug":"princesa-xcaret","status":"publish","type":"product","link":"https:\/\/www.munecasmexicanas.com\/tienda\/producto\/princesa-xcaret\/","title":{"rendered":"Princesa Xcaret"},"content":{"rendered":"","protected":false},"excerpt":{"rendered":"<p>Es una mezcla de encanto y belleza en su atuendo, donde luce un vestido largo en satin con detalles diversos en color y forma, dejando descubiertos sus brazos. Sus accesorios: aretes, pulseras y collar. Porta un penacho sobre su pelo suelto. (Colores de traje y accesorios pueden variar)<\/p>\n<p>&nbsp;<\/p>\n<p><strong>Historia y Significado:<\/strong><\/p>\n<p>M\u00e9xico cuenta con vistosos trajes regionales bordados de hilo o pedrer\u00eda, rebozos de hilo de seda, blancas filipinas y atuendos. De diferentes maneras, los trajes resaltan nuestra diversidad y riqueza cultural.<\/p>\n<p>En un pueblo de Quintana Roo, se contaba<strong>\u00a0la leyenda de Xcaret\u00a0<\/strong>(o Ixchel) quien era una princesa, estaba enamorada de un joven llamado Itzamn\u00e1, la cual se quito la vida al perder a su amado en una pelea de la cual el vencedor se quedar\u00eda con ella, convirti\u00e9ndose ella en la diosa de la Luna.<\/p>\n<p>Se dec\u00eda que en cada fuego nuevo\u00a0<strong>la diosa Xcaret<\/strong>\u00a0renac\u00eda del fuego y permit\u00eda a las doncellas enamorarse y dar como fruto de ese amor un hijo, es por eso que tambi\u00e9n se le consideraba diosa del parto y la fertilidad.<\/p>\n<p>&nbsp;<\/p>\n[gallery columns=\"4\" size=\"medium\" ids=\"485,484,483,486\"]\n<div style=\"margin-left: 68px;\"><a href=\"https:\/\/www.amazon.com.mx\/Colecciones-Mu%C3%B1ecas-T%C3%ADpicas-Mexicanas-accesorios\/dp\/B08LV6Z9GY\/ref=sr_1_16?keywords=EULALIA+COLECCIONES+-+Mu%C3%B1ecas+T%C3%ADpicas+Mexicanas&#038;qid=1662402766&#038;s=handmade&#038;search-type=ss&#038;sr=1-16\" target=\"_blank\" rel=\"noopener\"><img decoding=\"async\" class=\"alignnone size-full wp-image-1875\" src=\"https:\/\/www.munecasmexicanas.com\/tienda\/wp-content\/uploads\/2018\/06\/Banner-eulalia-01A-300x114c.png\" alt=\"\" width=\"197\" height=\"67\" \/><\/a><\/div>\n","protected":false},"featured_media":30,"template":"","meta":[],"product_cat":[39],"product_tag":[32],"class_list":{"0":"post-1424","1":"product","2":"type-product","3":"status-publish","4":"has-post-thumbnail","6":"product_cat-eulalia-colecciones","7":"product_tag-princesa-xcaret","9":"first","10":"instock","11":"taxable","12":"shipping-taxable","13":"purchasable","14":"product-type-simple"},"_links":{"self":[{"href":"https:\/\/www.munecasmexicanas.com\/tienda\/wp-json\/wp\/v2\/product\/1424"}],"collection":[{"href":"https:\/\/www.munecasmexicanas.com\/tienda\/wp-json\/wp\/v2\/product"}],"about":[{"href":"https:\/\/www.munecasmexicanas.com\/tienda\/wp-json\/wp\/v2\/types\/product"}],"wp:featuredmedia":[{"embeddable":true,"href":"https:\/\/www.munecasmexicanas.com\/tienda\/wp-json\/wp\/v2\/media\/30"}],"wp:attachment":[{"href":"https:\/\/www.munecasmexicanas.com\/tienda\/wp-json\/wp\/v2\/media?parent=1424"}],"wp:term":[{"taxonomy":"product_cat","embeddable":true,"href":"https:\/\/www.munecasmexicanas.com\/tienda\/wp-json\/wp\/v2\/product_cat?post=1424"},{"taxonomy":"product_tag","embeddable":true,"href":"https:\/\/www.munecasmexicanas.com\/tienda\/wp-json\/wp\/v2\/product_tag?post=1424"}],"curies":[{"name":"wp","href":"https:\/\/api.w.org\/{rel}","templated":true}]}}