{"id":1423,"date":"2018-06-22T11:24:28","date_gmt":"2018-06-22T16:24:28","guid":{"rendered":"https:\/\/www.munecasmexicanas.com\/tienda\/index.php\/product\/import-placeholder-for-204\/"},"modified":"2022-09-05T16:17:29","modified_gmt":"2022-09-05T21:17:29","slug":"colima","status":"publish","type":"product","link":"https:\/\/www.munecasmexicanas.com\/tienda\/producto\/colima\/","title":{"rendered":"Colima"},"content":{"rendered":"","protected":false},"excerpt":{"rendered":"<p>Portando su vestido blanco con decoraciones en encaje en parte baja de la falda, camisa y velo que cubre su cabello. Peinado a dos trenzas. Accesorios: aretes y collar. Porta un abanico de mimbre en mano, decorado con list\u00f3n. (Colores de encaje y accesorios pueden variar).<\/p>\n<p>&nbsp;<\/p>\n<p><strong>Historia y Significado:<\/strong><\/p>\n<p>Colima, como en la gran mayor\u00eda de las localidades mexicanas, las tradiciones culturales se viven a flor de piel, cada uno de los habitantes, al momento de celebrar alguna festividad, se encargan de organizar los festejos con el armado de ferias, haciendo espect\u00e1culos y expresando las diversas costumbres que caracterizan al lugar. \u00a0Su nombre proviene del t\u00e9rmino en n\u00e1huatl con que se denominaba al antiguo reino de Colliman: de c\u014dlli &#8216;abuelo, ancestro&#8217; y -m\u0101n &#8216;extensi\u00f3n&#8217;.\u00a0<strong>Colima es, pues, &#8220;lugar donde dominan los ancestros\u201d.<\/strong><\/p>\n<p>Momentos en los que utilizan trajes t\u00edpicos es a la hora de realizar sones y jarabes, que son expresiones bailables de la cultura de Colima, en estas presentaciones las mujeres se realizan un peinado que incluye un rodete, con mo\u00f1os y rizos,\u00a0adornado con una diadema y una peineta en la parte superior, agregan collares con cuentas.<\/p>\n<p>En Colima, las tradiciones se respetan al pie de la letra, sus bailes y coloridos trajes, son muy atractivos y demuestran el esp\u00edritu cultural del lugar.<\/p>\n[gallery columns=\"4\" size=\"medium\" ids=\"550,551,552,549\"]\n<div style=\"margin-left: 68px;\"><a href=\"https:\/\/www.amazon.com.mx\/Colecciones-Mu%C3%B1ecas-T%C3%ADpicas-Mexicanas-accesorios\/dp\/B08LV6539Q\/ref=sr_1_7?keywords=EULALIA+COLECCIONES+-+Mu%C3%B1ecas+T%C3%ADpicas+Mexicanas&#038;qid=1662402766&#038;s=handmade&#038;search-type=ss&#038;sr=1-7\" target=\"_blank\" rel=\"noopener\"><img decoding=\"async\" class=\"alignnone size-full wp-image-1875\" src=\"https:\/\/www.munecasmexicanas.com\/tienda\/wp-content\/uploads\/2018\/06\/Banner-eulalia-01A-300x114c.png\" alt=\"\" width=\"197\" height=\"67\" \/><\/a><\/div>\n","protected":false},"featured_media":29,"template":"","meta":[],"product_cat":[39],"product_tag":[25],"class_list":{"0":"post-1423","1":"product","2":"type-product","3":"status-publish","4":"has-post-thumbnail","6":"product_cat-eulalia-colecciones","7":"product_tag-colima","9":"first","10":"instock","11":"taxable","12":"shipping-taxable","13":"purchasable","14":"product-type-simple"},"_links":{"self":[{"href":"https:\/\/www.munecasmexicanas.com\/tienda\/wp-json\/wp\/v2\/product\/1423"}],"collection":[{"href":"https:\/\/www.munecasmexicanas.com\/tienda\/wp-json\/wp\/v2\/product"}],"about":[{"href":"https:\/\/www.munecasmexicanas.com\/tienda\/wp-json\/wp\/v2\/types\/product"}],"wp:featuredmedia":[{"embeddable":true,"href":"https:\/\/www.munecasmexicanas.com\/tienda\/wp-json\/wp\/v2\/media\/29"}],"wp:attachment":[{"href":"https:\/\/www.munecasmexicanas.com\/tienda\/wp-json\/wp\/v2\/media?parent=1423"}],"wp:term":[{"taxonomy":"product_cat","embeddable":true,"href":"https:\/\/www.munecasmexicanas.com\/tienda\/wp-json\/wp\/v2\/product_cat?post=1423"},{"taxonomy":"product_tag","embeddable":true,"href":"https:\/\/www.munecasmexicanas.com\/tienda\/wp-json\/wp\/v2\/product_tag?post=1423"}],"curies":[{"name":"wp","href":"https:\/\/api.w.org\/{rel}","templated":true}]}}