{"id":1421,"date":"2018-06-22T11:24:28","date_gmt":"2018-06-22T16:24:28","guid":{"rendered":"https:\/\/www.munecasmexicanas.com\/tienda\/index.php\/product\/import-placeholder-for-196\/"},"modified":"2022-09-05T16:18:02","modified_gmt":"2022-09-05T21:18:02","slug":"guanajuato","status":"publish","type":"product","link":"https:\/\/www.munecasmexicanas.com\/tienda\/producto\/guanajuato\/","title":{"rendered":"Guanajuato"},"content":{"rendered":"","protected":false},"excerpt":{"rendered":"<p>Porta vestido negro decorado con encaje delgado en cuello, pu\u00f1os y falda, \u00e9sta tiene en la parta media hacia abajo un detalle en forma de A en color blanco . Peinada a dos trenzas con liston. Accesorios: aretes y mo\u00f1o en cuello. Porta sombrero y reboso en hombro de colores. (Colores en detalles y accesorios pueden variar)<\/p>\n<p>&nbsp;<\/p>\n<p><strong>Historia y Significado:<\/strong><\/p>\n<p>M\u00e9xico, nuestra patria, es uno de los pocos pa\u00edses que puede sentirse orgulloso de contar con una rica variedad de etnias; cada una con su propia cultura.\u00a0<strong>Guanajuato se le reconoce como una ciudad de tipo colonial<\/strong>\u00a0y origen minero que prosper\u00f3 con el descubrimiento de ricas vetas de oro y plata en el siglo XVII.<\/p>\n<p>La palabra\u00a0<em>Guanajuato<\/em>\u00a0viene de los vocablos\u00a0<em>Kuanas\u00ef<\/em>\u00a0y\u00a0<em>Uato<\/em>\u00a0del idioma pur\u00e9pecha. El nombre significa &#8220;Lugar montuoso de ranas&#8221; o &#8220;cerro de ranas&#8221;. Le dieron este nombre debido a que los cerros que se encuentran alrededor de la ciudad de Guanajuato, a los antiguos pur\u00e9pechas les pareci\u00f3 que ten\u00edan forma de ranas.<\/p>\n<p>&nbsp;<\/p>\n[gallery columns=\"4\" size=\"medium\" ids=\"426,427,425,428\"]\n<div style=\"margin-left: 68px;\"><a href=\"https:\/\/www.amazon.com.mx\/Guanajuato-Colecciones-Mu%C3%B1ecas-T%C3%ADpicas-Mexicanas\/dp\/B08LV4QNX1\/ref=sr_1_19?keywords=EULALIA+COLECCIONES+-+Mu%C3%B1ecas+T%C3%ADpicas+Mexicanas&#038;qid=1662402766&#038;s=handmade&#038;search-type=ss&#038;sr=1-19\" target=\"_blank\" rel=\"noopener\"><img decoding=\"async\" class=\"alignnone size-full wp-image-1875\" src=\"https:\/\/www.munecasmexicanas.com\/tienda\/wp-content\/uploads\/2018\/06\/Banner-eulalia-01A-300x114c.png\" alt=\"\" width=\"197\" height=\"67\" \/><\/a><\/div>\n","protected":false},"featured_media":27,"template":"","meta":[],"product_cat":[39],"product_tag":[26],"class_list":{"0":"post-1421","1":"product","2":"type-product","3":"status-publish","4":"has-post-thumbnail","6":"product_cat-eulalia-colecciones","7":"product_tag-guanajuato","9":"first","10":"instock","11":"taxable","12":"shipping-taxable","13":"purchasable","14":"product-type-simple"},"_links":{"self":[{"href":"https:\/\/www.munecasmexicanas.com\/tienda\/wp-json\/wp\/v2\/product\/1421"}],"collection":[{"href":"https:\/\/www.munecasmexicanas.com\/tienda\/wp-json\/wp\/v2\/product"}],"about":[{"href":"https:\/\/www.munecasmexicanas.com\/tienda\/wp-json\/wp\/v2\/types\/product"}],"wp:featuredmedia":[{"embeddable":true,"href":"https:\/\/www.munecasmexicanas.com\/tienda\/wp-json\/wp\/v2\/media\/27"}],"wp:attachment":[{"href":"https:\/\/www.munecasmexicanas.com\/tienda\/wp-json\/wp\/v2\/media?parent=1421"}],"wp:term":[{"taxonomy":"product_cat","embeddable":true,"href":"https:\/\/www.munecasmexicanas.com\/tienda\/wp-json\/wp\/v2\/product_cat?post=1421"},{"taxonomy":"product_tag","embeddable":true,"href":"https:\/\/www.munecasmexicanas.com\/tienda\/wp-json\/wp\/v2\/product_tag?post=1421"}],"curies":[{"name":"wp","href":"https:\/\/api.w.org\/{rel}","templated":true}]}}