{"id":1420,"date":"2018-06-22T11:24:28","date_gmt":"2018-06-22T16:24:28","guid":{"rendered":"https:\/\/www.munecasmexicanas.com\/tienda\/index.php\/product\/import-placeholder-for-179\/"},"modified":"2022-09-19T12:43:15","modified_gmt":"2022-09-19T17:43:15","slug":"china-poblana","status":"publish","type":"product","link":"https:\/\/www.munecasmexicanas.com\/tienda\/producto\/china-poblana\/","title":{"rendered":"China Poblana"},"content":{"rendered":"","protected":false},"excerpt":{"rendered":"<p>Luce falda de colores en forma horizontal verde &#8211; rojo &#8211; verde con espiguilla blanca que separa los tonos, bordado el escudo nacional en medio de la falda, adornada con lentejuela, con blusa blanca con detalles en cuello y mangas. Peinada a dos trenzas con mo\u00f1os de liston. Sus accesorios: aretes y collar. Porta reboso blanco con detalles en color verde y rojo, con sombrero de colores. (Colores de accesorios y detalles pueden variar).<\/p>\n<p>&nbsp;<\/p>\n<p><strong>Historia y Significado:<\/strong><\/p>\n<p><strong>El traje de china poblana constituye una de las prendas m\u00e1s expresivas del mestizaje colonial<\/strong>, ya que conjuga las influencias de la maja andaluza o la lagarterana espa\u00f1olas, con los colores y la blusa de corte ind\u00edgena y las chaquiras y lentejuelas que proven\u00edan del mundo oriental.<\/p>\n<p><strong>El colorido y el emblema convirtieron al traje de china poblana en el traje nacional por excelencia.\u00a0\u00a0<\/strong><\/p>\n<p>A las mujeres de origen mestizo se les decia &#8220;chinas&#8221; en lengua quechua, por lo que se le atribuye a \u00e9sto el origen del nombre &#8220;china&#8221; y &#8220;poblana&#8221; por ser de\u00a0pueblo y no de Puebla.<\/p>\n[gallery columns=\"4\" size=\"medium\" ids=\"536,535,534,533\"]\n<div style=\"margin-left: 68px;\"><a href=\"https:\/\/www.amazon.com.mx\/Colecciones-Mu%C3%B1ecas-T%C3%ADpicas-Mexicanas-lentejuela\/dp\/B08LV6NHHY\/ref=sr_1_6?keywords=EULALIA+COLECCIONES+-+Mu%C3%B1ecas+T%C3%ADpicas+Mexicanas&#038;qid=1662402766&#038;s=handmade&#038;search-type=ss&#038;sr=1-6\" target=\"_blank\" rel=\"noopener\"><img decoding=\"async\" class=\"alignnone size-full wp-image-1875\" src=\"https:\/\/www.munecasmexicanas.com\/tienda\/wp-content\/uploads\/2018\/06\/Banner-eulalia-01A-300x114c.png\" alt=\"\" width=\"197\" height=\"67\" \/><\/a><\/div>\n","protected":false},"featured_media":26,"template":"","meta":[],"product_cat":[39],"product_tag":[24],"class_list":{"0":"post-1420","1":"product","2":"type-product","3":"status-publish","4":"has-post-thumbnail","6":"product_cat-eulalia-colecciones","7":"product_tag-china-poblana","9":"first","10":"instock","11":"taxable","12":"shipping-taxable","13":"purchasable","14":"product-type-simple"},"_links":{"self":[{"href":"https:\/\/www.munecasmexicanas.com\/tienda\/wp-json\/wp\/v2\/product\/1420"}],"collection":[{"href":"https:\/\/www.munecasmexicanas.com\/tienda\/wp-json\/wp\/v2\/product"}],"about":[{"href":"https:\/\/www.munecasmexicanas.com\/tienda\/wp-json\/wp\/v2\/types\/product"}],"wp:featuredmedia":[{"embeddable":true,"href":"https:\/\/www.munecasmexicanas.com\/tienda\/wp-json\/wp\/v2\/media\/26"}],"wp:attachment":[{"href":"https:\/\/www.munecasmexicanas.com\/tienda\/wp-json\/wp\/v2\/media?parent=1420"}],"wp:term":[{"taxonomy":"product_cat","embeddable":true,"href":"https:\/\/www.munecasmexicanas.com\/tienda\/wp-json\/wp\/v2\/product_cat?post=1420"},{"taxonomy":"product_tag","embeddable":true,"href":"https:\/\/www.munecasmexicanas.com\/tienda\/wp-json\/wp\/v2\/product_tag?post=1420"}],"curies":[{"name":"wp","href":"https:\/\/api.w.org\/{rel}","templated":true}]}}